{"id":12,"date":"2009-11-27T16:50:57","date_gmt":"2009-11-27T20:50:57","guid":{"rendered":"http:\/\/www.mahidjiba.org\/?page_id=12"},"modified":"2011-05-23T02:52:30","modified_gmt":"2011-05-23T06:52:30","slug":"conferences","status":"publish","type":"page","link":"https:\/\/www.mahidjiba.com\/?page_id=12","title":{"rendered":"Conf\u00e9rences"},"content":{"rendered":"<p class=\"MsoNormal\" style=\"text-align: justify; text-indent: -49.65pt; margin: 0cm 0cm 0pt 49.65pt;\"><strong style=\"mso-bidi-font-weight: normal;\"><span style=\"font-family: &quot;Calibri&quot;,&quot;sans-serif&quot;; font-size: 11pt; mso-ascii-theme-font: minor-latin; mso-hansi-theme-font: minor-latin; mso-bidi-font-family: Arial;\" lang=\"EN-US\">Mahidjiba, A<\/span><\/strong><span style=\"font-family: &quot;Calibri&quot;,&quot;sans-serif&quot;; font-size: 11pt; mso-ascii-theme-font: minor-latin; mso-hansi-theme-font: minor-latin; mso-bidi-font-family: Arial;\" lang=\"EN-US\">., R. Bennacer, P. Vasseur and H. Beji, 2002 : <span style=\"text-decoration: underline;\">Convection in a Shallow Porous Cavity with Soret Effects<\/span>. <em style=\"mso-bidi-font-style: normal;\">1st International Conference on Application of Porous Media, Proceeding of APM 2002<\/em>, pp.498-507, Djerba, Tunisia.<\/span><\/p>\n<p class=\"MsoNormal\" style=\"text-align: justify; text-indent: -49.65pt; margin: 0cm 0cm 0pt 49.65pt;\"><span style=\"font-family: &quot;Calibri&quot;,&quot;sans-serif&quot;; font-size: 11pt; mso-ascii-theme-font: minor-latin; mso-hansi-theme-font: minor-latin; mso-bidi-font-family: Arial;\" lang=\"EN-US\"> <\/span><\/p>\n<p class=\"MsoNormal\" style=\"text-align: justify; text-indent: -49.65pt; margin: 0cm 0cm 0pt 49.65pt;\"><strong style=\"mso-bidi-font-weight: normal;\"><span style=\"font-family: &quot;Calibri&quot;,&quot;sans-serif&quot;; font-size: 11pt; mso-ascii-theme-font: minor-latin; mso-hansi-theme-font: minor-latin; mso-bidi-font-family: Arial;\" lang=\"EN-US\">Mahidjiba, A<\/span><\/strong><span style=\"font-family: &quot;Calibri&quot;,&quot;sans-serif&quot;; font-size: 11pt; mso-ascii-theme-font: minor-latin; mso-hansi-theme-font: minor-latin; mso-bidi-font-family: Arial;\" lang=\"EN-US\">., R. Bennacer,<span style=\"mso-spacerun: yes;\"> <\/span>P. Vasseur and H. Beji, 2002: <span style=\"text-decoration: underline;\">Convection of a Binary Mixture in a Shallow Cavity Subject to Various Hydrodynamic Boundary Conditions<\/span>. <em style=\"mso-bidi-font-style: normal;\">The 13th International Symposium on Transport Phenomena (ISTP-13), Victoria, Canada, Elsevier<\/em>, pp 145-149.<\/span><\/p>\n<p class=\"MsoNormal\" style=\"text-align: justify; text-indent: -49.65pt; margin: 0cm 0cm 0pt 49.65pt;\"><span style=\"font-family: &quot;Calibri&quot;,&quot;sans-serif&quot;; font-size: 11pt; mso-ascii-theme-font: minor-latin; mso-hansi-theme-font: minor-latin; mso-bidi-font-family: Arial;\" lang=\"EN-US\"> <\/span><\/p>\n<p class=\"MsoNormal\" style=\"text-align: justify; text-indent: -49.65pt; margin: 0cm 0cm 0pt 49.65pt;\"><strong style=\"mso-bidi-font-weight: normal;\"><span style=\"font-family: &quot;Calibri&quot;,&quot;sans-serif&quot;; font-size: 11pt; mso-ascii-theme-font: minor-latin; mso-hansi-theme-font: minor-latin; mso-bidi-font-family: Arial;\" lang=\"EN-US\">Mahidjiba, A<\/span><\/strong><span style=\"font-family: &quot;Calibri&quot;,&quot;sans-serif&quot;; font-size: 11pt; mso-ascii-theme-font: minor-latin; mso-hansi-theme-font: minor-latin; mso-bidi-font-family: Arial;\" lang=\"EN-US\">., L. Robillard and P. Vasseur: <span style=\"text-decoration: underline;\">The Anisotropic Porous Layer Saturated 4<sup>o<\/sup>C &#8211; A Peculiar Stability Problem<\/span>, <em style=\"mso-bidi-font-style: normal;\">The 12th International Heat Transfer Conference<\/em>, Vol. 2, pp. 797-802, Grenoble.<\/span><\/p>\n<p class=\"MsoNormal\" style=\"text-align: justify; text-indent: -49.65pt; margin: 0cm 0cm 0pt 49.65pt;\"><span style=\"font-family: &quot;Calibri&quot;,&quot;sans-serif&quot;; font-size: 11pt; mso-ascii-theme-font: minor-latin; mso-hansi-theme-font: minor-latin; mso-bidi-font-family: Arial;\" lang=\"EN-US\"> <\/span><\/p>\n<p class=\"MsoNormal\" style=\"text-align: justify; text-indent: -49.65pt; margin: 0cm 0cm 0pt 49.65pt;\"><span style=\"font-family: &quot;Calibri&quot;,&quot;sans-serif&quot;; font-size: 11pt; mso-ansi-language: FR-CA; mso-ascii-theme-font: minor-latin; mso-hansi-theme-font: minor-latin; mso-bidi-font-family: Arial;\">Mamou, M., <strong style=\"mso-bidi-font-weight: normal;\">A. Mahidjiba<\/strong> and P. Vasseur, <span style=\"text-decoration: underline;\">Seuil de la convection dans le cas d&#8217;un milieu poreux anisotrope avec les conditions thermiques de Neumann.<\/span> <em style=\"mso-bidi-font-style: normal;\">Compte-Rendu, 2\u00e8me Colloque France-Acadie de G\u00e9nie M\u00e9canique<\/em>, pp. 129-136<\/span><span style=\"font-family: &quot;Calibri&quot;,&quot;sans-serif&quot;; font-size: 11pt; mso-ascii-theme-font: minor-latin; mso-hansi-theme-font: minor-latin; mso-bidi-font-family: Arial;\" lang=\"EN-US\"> <\/span><\/p>\n<p>&nbsp;<\/p>\n<p class=\"MsoNormal\" style=\"text-align: justify; line-height: 150%; margin: 0cm 0cm 0pt;\"><strong style=\"mso-bidi-font-weight: normal;\"><span style=\"line-height: 150%; font-family: &quot;Book Antiqua&quot;,&quot;serif&quot;; font-size: 15pt; mso-ansi-language: FR-CA; mso-bidi-font-family: Arial;\">Rapports Scientifiques et ateliers de recherche<\/span><\/strong><\/p>\n<p class=\"MsoNormal\" style=\"text-align: justify; text-indent: -49.65pt; margin: 0cm 0cm 0pt 49.65pt;\"><span style=\"font-family: &quot;Calibri&quot;,&quot;sans-serif&quot;; font-size: 11pt; mso-ascii-theme-font: minor-latin; mso-hansi-theme-font: minor-latin; mso-bidi-font-family: Arial;\" lang=\"EN-US\"> <\/span><\/p>\n<p class=\"MsoNormal\" style=\"text-align: justify; text-indent: -49.65pt; margin: 0cm 0cm 0pt 49.65pt;\"><span style=\"font-family: &quot;Calibri&quot;,&quot;sans-serif&quot;; font-size: 11pt; mso-ansi-language: FR-CA; mso-ascii-theme-font: minor-latin; mso-hansi-theme-font: minor-latin; mso-bidi-font-family: Arial;\">Buehner, M., A. Zadra, <strong style=\"mso-bidi-font-weight: normal;\">A. Mahidjiba<\/strong>, 2006. <\/span><span style=\"text-decoration: underline;\"><span style=\"font-family: &quot;Calibri&quot;,&quot;sans-serif&quot;; font-size: 11pt; mso-ascii-theme-font: minor-latin; mso-hansi-theme-font: minor-latin; mso-bidi-font-family: Arial;\" lang=\"EN-US\">Singular vector study of the excitation of Rossby-wave trains<\/span><\/span><span style=\"font-family: &quot;Calibri&quot;,&quot;sans-serif&quot;; font-size: 11pt; mso-ascii-theme-font: minor-latin; mso-hansi-theme-font: minor-latin; mso-bidi-font-family: Arial;\" lang=\"EN-US\">. <em style=\"mso-bidi-font-style: normal;\">7th International Workshop on Adjoint Applications in Dynamic Meteorology, Obergurgl, Austria<\/em>, Oct 8-13, 2006.<\/span><\/p>\n<p class=\"MsoNormal\" style=\"text-align: justify; margin: 0cm 0cm 0pt;\"><span style=\"font-family: &quot;Calibri&quot;,&quot;sans-serif&quot;; font-size: 11pt; mso-ascii-theme-font: minor-latin; mso-hansi-theme-font: minor-latin; mso-bidi-font-family: Arial;\" lang=\"EN-US\"> <\/span><\/p>\n<p class=\"MsoNormal\" style=\"text-align: justify; text-indent: -49.65pt; margin: 0cm 0cm 0pt 49.65pt;\"><strong style=\"mso-bidi-font-weight: normal;\"><span style=\"font-family: &quot;Calibri&quot;,&quot;sans-serif&quot;; font-size: 11pt; mso-ascii-theme-font: minor-latin; mso-hansi-theme-font: minor-latin; mso-bidi-font-family: Arial;\" lang=\"EN-US\">Mahidjiba, A<\/span><\/strong><span style=\"font-family: &quot;Calibri&quot;,&quot;sans-serif&quot;; font-size: 11pt; mso-ascii-theme-font: minor-latin; mso-hansi-theme-font: minor-latin; mso-bidi-font-family: Arial;\" lang=\"EN-US\">., A. Qaddouri and J. C\u00f4t\u00e9, 2005: <span style=\"text-decoration: underline;\">Conservative semi-implicit semi-Lagrangian method in a shallow-water model: validation of a mass-conserving passive transport scheme<\/span>. <em style=\"mso-bidi-font-style: normal;\">The 2006 Workshop on the Solution of Partial Differential Equations on the Sphere, Monterey, California (USA), July 26-29<\/em><\/span><\/p>\n<p class=\"MsoNormal\" style=\"text-align: justify; line-height: 150%; margin: 0cm 0cm 0pt;\"><span style=\"line-height: 150%; font-family: &quot;Calibri&quot;,&quot;sans-serif&quot;; font-size: 11pt; mso-ascii-theme-font: minor-latin; mso-hansi-theme-font: minor-latin; mso-bidi-font-family: Arial;\" lang=\"EN-US\"> <\/span><\/p>\n<p class=\"MsoNormal\" style=\"text-align: justify; text-indent: -49.65pt; margin: 0cm 0cm 0pt 49.65pt;\"><span style=\"font-family: &quot;Calibri&quot;,&quot;sans-serif&quot;; font-size: 11pt; mso-ascii-theme-font: minor-latin; mso-hansi-theme-font: minor-latin; mso-bidi-font-family: Arial;\" lang=\"EN-US\">C\u00f4t\u00e9, J., M. Desgagn\u00e9, A. Erfani, C. Girard, S. Gravel, <strong style=\"mso-bidi-font-weight: normal;\">A. Mahidjiba<\/strong>, A. Plante, A. Qaddouri and M. Tanguay, 2004: <span style=\"text-decoration: underline;\">Research and development around the Global Environmental Multiscale (GEM) Model<\/span>. <em style=\"mso-bidi-font-style: normal;\">The 2004 Workshop on the Solution of Partial Differential Equations on the Sphere, Yokohama (Japan)<\/em>, July 20-23.<\/span><\/p>\n<p class=\"MsoNormal\" style=\"text-align: justify; margin: 0cm 0cm 0pt;\"><span style=\"font-family: &quot;Calibri&quot;,&quot;sans-serif&quot;; font-size: 11pt; mso-ascii-theme-font: minor-latin; mso-hansi-theme-font: minor-latin; mso-bidi-font-family: Arial;\" lang=\"EN-US\"> <\/span><\/p>\n<p class=\"MsoNormal\" style=\"text-align: justify; text-indent: -49.65pt; margin: 0cm 0cm 0pt 49.65pt;\"><strong style=\"mso-bidi-font-weight: normal;\"><span style=\"font-family: &quot;Calibri&quot;,&quot;sans-serif&quot;; font-size: 11pt; mso-ascii-theme-font: minor-latin; mso-hansi-theme-font: minor-latin; mso-bidi-font-family: Arial;\" lang=\"EN-US\">Mahidjiba, A<\/span><\/strong><span style=\"font-family: &quot;Calibri&quot;,&quot;sans-serif&quot;; font-size: 11pt; mso-ascii-theme-font: minor-latin; mso-hansi-theme-font: minor-latin; mso-bidi-font-family: Arial;\" lang=\"EN-US\">., A. Qaddouri and J. C\u00f4t\u00e9, 2005: <span style=\"text-decoration: underline;\">Towards an interactive conserving semi-Lagrangian model for chemistry and climate<\/span>. <\/span><em style=\"mso-bidi-font-style: normal;\"><span style=\"font-family: &quot;Calibri&quot;,&quot;sans-serif&quot;; font-size: 11pt; mso-ansi-language: FR-CA; mso-ascii-theme-font: minor-latin; mso-hansi-theme-font: minor-latin; mso-bidi-font-family: Arial;\">Research activities in Atmospheric and Oceanic Modeling<\/span><\/em><span style=\"font-family: &quot;Calibri&quot;,&quot;sans-serif&quot;; font-size: 11pt; mso-ansi-language: FR-CA; mso-ascii-theme-font: minor-latin; mso-hansi-theme-font: minor-latin; mso-bidi-font-family: Arial;\">, WMO\/TD. (35).<\/span><\/p>\n","protected":false},"excerpt":{"rendered":"<p>Mahidjiba, A., R. Bennacer, P. Vasseur and H. Beji, 2002 : Convection in a Shallow Porous Cavity with Soret Effects. 1st International Conference on Application of Porous Media, Proceeding of APM 2002, pp.498-507, Djerba, Tunisia. Mahidjiba, A., R. Bennacer, P. &hellip; <a href=\"https:\/\/www.mahidjiba.com\/?page_id=12\">Continue reading <span class=\"meta-nav\">&rarr;<\/span><\/a><\/p>\n","protected":false},"author":1,"featured_media":0,"parent":0,"menu_order":4,"comment_status":"open","ping_status":"open","template":"","meta":{"footnotes":""},"class_list":["post-12","page","type-page","status-publish","hentry"],"_links":{"self":[{"href":"https:\/\/www.mahidjiba.com\/index.php?rest_route=\/wp\/v2\/pages\/12","targetHints":{"allow":["GET"]}}],"collection":[{"href":"https:\/\/www.mahidjiba.com\/index.php?rest_route=\/wp\/v2\/pages"}],"about":[{"href":"https:\/\/www.mahidjiba.com\/index.php?rest_route=\/wp\/v2\/types\/page"}],"author":[{"embeddable":true,"href":"https:\/\/www.mahidjiba.com\/index.php?rest_route=\/wp\/v2\/users\/1"}],"replies":[{"embeddable":true,"href":"https:\/\/www.mahidjiba.com\/index.php?rest_route=%2Fwp%2Fv2%2Fcomments&post=12"}],"version-history":[{"count":14,"href":"https:\/\/www.mahidjiba.com\/index.php?rest_route=\/wp\/v2\/pages\/12\/revisions"}],"predecessor-version":[{"id":30,"href":"https:\/\/www.mahidjiba.com\/index.php?rest_route=\/wp\/v2\/pages\/12\/revisions\/30"}],"wp:attachment":[{"href":"https:\/\/www.mahidjiba.com\/index.php?rest_route=%2Fwp%2Fv2%2Fmedia&parent=12"}],"curies":[{"name":"wp","href":"https:\/\/api.w.org\/{rel}","templated":true}]}}